{"id":16939,"date":"2020-11-23T16:58:59","date_gmt":"2020-11-23T16:58:59","guid":{"rendered":"https:\/\/ungmennarad.arborg.is\/?page_id=16939"},"modified":"2020-11-23T17:22:09","modified_gmt":"2020-11-23T17:22:09","slug":"um-ungsa","status":"publish","type":"page","link":"https:\/\/ungmennarad.arborg.is\/?page_id=16939","title":{"rendered":"Um UNGS\u00c1"},"content":{"rendered":"\n<h1>\n\t\tUngmennar\u00e1\u00f0 \u00c1rborgar\n\t<\/h1>\n\t<p>Texti um ungmennar\u00e1\u00f0i\u00f0, hlutverk og markmi\u00f0<\/p>\n\n","protected":false},"excerpt":{"rendered":"<p>Ungmennar\u00e1\u00f0 \u00c1rborgar Texti um ungmennar\u00e1\u00f0i\u00f0, hlutverk og markmi\u00f0<\/p>\n","protected":false},"author":2,"featured_media":0,"parent":0,"menu_order":0,"comment_status":"closed","ping_status":"closed","template":"","meta":{"site-sidebar-layout":"no-sidebar","site-content-layout":"page-builder","ast-site-content-layout":"default","site-content-style":"default","site-sidebar-style":"default","ast-global-header-display":"","ast-banner-title-visibility":"","ast-main-header-display":"","ast-hfb-above-header-display":"","ast-hfb-below-header-display":"","ast-hfb-mobile-header-display":"","site-post-title":"disabled","ast-breadcrumbs-content":"","ast-featured-img":"disabled","footer-sml-layout":"","theme-transparent-header-meta":"default","adv-header-id-meta":"","stick-header-meta":"","header-above-stick-meta":"","header-main-stick-meta":"","header-below-stick-meta":"","astra-migrate-meta-layouts":"default","ast-page-background-enabled":"default","ast-page-background-meta":{"desktop":{"background-color":"","background-image":"","background-repeat":"repeat","background-position":"center center","background-size":"auto","background-attachment":"scroll","background-type":"","background-media":"","overlay-type":"","overlay-color":"","overlay-opacity":"","overlay-gradient":""},"tablet":{"background-color":"","background-image":"","background-repeat":"repeat","background-position":"center center","background-size":"auto","background-attachment":"scroll","background-type":"","background-media":"","overlay-type":"","overlay-color":"","overlay-opacity":"","overlay-gradient":""},"mobile":{"background-color":"","background-image":"","background-repeat":"repeat","background-position":"center center","background-size":"auto","background-attachment":"scroll","background-type":"","background-media":"","overlay-type":"","overlay-color":"","overlay-opacity":"","overlay-gradient":""}},"ast-content-background-meta":{"desktop":{"background-color":"var(--ast-global-color-5)","background-image":"","background-repeat":"repeat","background-position":"center center","background-size":"auto","background-attachment":"scroll","background-type":"","background-media":"","overlay-type":"","overlay-color":"","overlay-opacity":"","overlay-gradient":""},"tablet":{"background-color":"var(--ast-global-color-5)","background-image":"","background-repeat":"repeat","background-position":"center center","background-size":"auto","background-attachment":"scroll","background-type":"","background-media":"","overlay-type":"","overlay-color":"","overlay-opacity":"","overlay-gradient":""},"mobile":{"background-color":"var(--ast-global-color-5)","background-image":"","background-repeat":"repeat","background-position":"center center","background-size":"auto","background-attachment":"scroll","background-type":"","background-media":"","overlay-type":"","overlay-color":"","overlay-opacity":"","overlay-gradient":""}},"footnotes":""},"class_list":["post-16939","page","type-page","status-publish","hentry"],"_links":{"self":[{"href":"https:\/\/ungmennarad.arborg.is\/index.php?rest_route=\/wp\/v2\/pages\/16939","targetHints":{"allow":["GET"]}}],"collection":[{"href":"https:\/\/ungmennarad.arborg.is\/index.php?rest_route=\/wp\/v2\/pages"}],"about":[{"href":"https:\/\/ungmennarad.arborg.is\/index.php?rest_route=\/wp\/v2\/types\/page"}],"author":[{"embeddable":true,"href":"https:\/\/ungmennarad.arborg.is\/index.php?rest_route=\/wp\/v2\/users\/2"}],"replies":[{"embeddable":true,"href":"https:\/\/ungmennarad.arborg.is\/index.php?rest_route=%2Fwp%2Fv2%2Fcomments&post=16939"}],"version-history":[{"count":2,"href":"https:\/\/ungmennarad.arborg.is\/index.php?rest_route=\/wp\/v2\/pages\/16939\/revisions"}],"predecessor-version":[{"id":16946,"href":"https:\/\/ungmennarad.arborg.is\/index.php?rest_route=\/wp\/v2\/pages\/16939\/revisions\/16946"}],"wp:attachment":[{"href":"https:\/\/ungmennarad.arborg.is\/index.php?rest_route=%2Fwp%2Fv2%2Fmedia&parent=16939"}],"curies":[{"name":"wp","href":"https:\/\/api.w.org\/{rel}","templated":true}]}}